{"id":1170,"date":"2025-04-04T11:37:28","date_gmt":"2025-04-04T09:37:28","guid":{"rendered":"https:\/\/sinodo.archimadrid.es\/?page_id=1170"},"modified":"2025-10-30T11:09:42","modified_gmt":"2025-10-30T10:09:42","slug":"implementacion-del-sinodo-en-la-iglesia-universal","status":"publish","type":"page","link":"https:\/\/sinodo.archimadrid.es\/index.php\/implementacion-del-sinodo-en-la-iglesia-universal\/","title":{"rendered":"Implementaci\u00f3n del S\u00ednodo en la Iglesia universal"},"content":{"rendered":"<p>[et_pb_section fb_built=\u00bb1&#8243; fullwidth=\u00bbon\u00bb admin_label=\u00bbHeader Section\u00bb _builder_version=\u00bb4.26.0&#8243; background_color=\u00bb#dadde2&#8243; collapsed=\u00bboff\u00bb global_colors_info=\u00bb{}\u00bb][et_pb_fullwidth_header title=\u00bbDando pasos en nuestro caminar sinodal\u00bb text_orientation=\u00bbright\u00bb button_one_text=\u00bbCompartir experiencia\u00bb button_one_url=\u00bb@ET-DC@eyJkeW5hbWljIjp0cnVlLCJjb250ZW50IjoicG9zdF9saW5rX3VybF9wYWdlIiwic2V0dGluZ3MiOnsicG9zdF9pZCI6IjEwODAifX0=@\u00bb background_overlay_color=\u00bbRGBA(255,255,255,0)\u00bb module_id=\u00bbestamos_en_camino\u00bb _builder_version=\u00bb4.27.4&#8243; _dynamic_attributes=\u00bbbutton_one_url\u00bb title_font=\u00bbPoppins|500|||||||\u00bb title_text_align=\u00bbright\u00bb title_text_color=\u00bb#FFFFFF\u00bb title_font_size=\u00bb3vw\u00bb title_line_height=\u00bb1.2em\u00bb content_font=\u00bb||||||||\u00bb content_text_align=\u00bbleft\u00bb subhead_font=\u00bbOswald|||on|||||\u00bb subhead_text_color=\u00bb#FFFFFF\u00bb subhead_font_size=\u00bb24px\u00bb subhead_letter_spacing=\u00bb10px\u00bb subhead_line_height=\u00bb1.4em\u00bb background_enable_color=\u00bboff\u00bb use_background_color_gradient=\u00bbon\u00bb background_color_gradient_direction=\u00bb145deg\u00bb background_color_gradient_stops=\u00bb#000000 0%|rgba(41,196,169,0) 100%\u00bb background_image=\u00bbhttps:\/\/sinodo.archimadrid.es\/wp-content\/uploads\/2025\/02\/Sinodo_bg.jpg\u00bb background_position=\u00bbbottom_center\u00bb custom_button_one=\u00bbon\u00bb button_one_text_color=\u00bb#FFFFFF\u00bb background_layout=\u00bblight\u00bb custom_padding=\u00bb6%||18.3%||false|false\u00bb animation_style=\u00bbzoom\u00bb animation_direction=\u00bbbottom\u00bb animation_intensity_zoom=\u00bb8%\u00bb title_text_shadow_style=\u00bbpreset3&#8243; title_text_shadow_horizontal_length=\u00bb0.08em\u00bb title_text_shadow_vertical_length=\u00bb0.03em\u00bb title_text_shadow_blur_strength=\u00bb0.32em\u00bb title_text_shadow_color=\u00bbrgba(12,12,12,0.15)\u00bb subhead_text_shadow_style=\u00bbpreset3&#8243; subhead_text_shadow_horizontal_length=\u00bb1em\u00bb subhead_text_shadow_vertical_length=\u00bb1em\u00bb subhead_text_shadow_blur_strength=\u00bb0.49em\u00bb text_shadow_style=\u00bbpreset3&#8243; global_colors_info=\u00bb{}\u00bb button_one_text_size__hover_enabled=\u00bboff\u00bb button_two_text_size__hover_enabled=\u00bboff\u00bb button_one_text_color__hover_enabled=\u00bboff\u00bb button_two_text_color__hover_enabled=\u00bboff\u00bb button_one_border_width__hover_enabled=\u00bboff\u00bb button_two_border_width__hover_enabled=\u00bboff\u00bb button_one_border_color__hover_enabled=\u00bboff\u00bb button_two_border_color__hover_enabled=\u00bboff\u00bb button_one_border_radius__hover_enabled=\u00bboff\u00bb button_two_border_radius__hover_enabled=\u00bboff\u00bb button_one_letter_spacing__hover_enabled=\u00bboff\u00bb button_two_letter_spacing__hover_enabled=\u00bboff\u00bb button_one_bg_color__hover_enabled=\u00bboff\u00bb button_two_bg_color__hover_enabled=\u00bboff\u00bb][\/et_pb_fullwidth_header][\/et_pb_section][et_pb_section fb_built=\u00bb1&#8243; disabled_on=\u00bboff|off|off\u00bb admin_label=\u00bbIntroducci\u00f3n\u00bb _builder_version=\u00bb4.19.1&#8243; _module_preset=\u00bbdefault\u00bb custom_padding=\u00bb9px||11px|||\u00bb collapsed=\u00bboff\u00bb global_colors_info=\u00bb{}\u00bb][et_pb_row _builder_version=\u00bb4.25.0&#8243; _module_preset=\u00bbdefault\u00bb custom_margin=\u00bb|auto|7px|auto||\u00bb global_colors_info=\u00bb{}\u00bb][et_pb_column type=\u00bb4_4&#8243; _builder_version=\u00bb4.25.0&#8243; _module_preset=\u00bbdefault\u00bb global_colors_info=\u00bb{}\u00bb][et_pb_text _builder_version=\u00bb4.27.4&#8243; _module_preset=\u00bbdefault\u00bb global_colors_info=\u00bb{}\u00bb]<\/p>\n<h3 style=\"text-align: left;\">Destacado<\/h3>\n<p>[\/et_pb_text][\/et_pb_column][\/et_pb_row][\/et_pb_section][et_pb_section fb_built=\u00bb1&#8243; disabled_on=\u00bboff|off|off\u00bb admin_label=\u00bbIntroducci\u00f3n\u00bb _builder_version=\u00bb4.19.1&#8243; _module_preset=\u00bbdefault\u00bb custom_padding=\u00bb9px||11px|||\u00bb collapsed=\u00bboff\u00bb global_colors_info=\u00bb{}\u00bb][et_pb_row column_structure=\u00bb1_3,1_3,1_3&#8243; _builder_version=\u00bb4.25.0&#8243; _module_preset=\u00bbdefault\u00bb custom_margin=\u00bb|auto|28px|auto||\u00bb custom_padding=\u00bb14px|||||\u00bb global_colors_info=\u00bb{}\u00bb][et_pb_column type=\u00bb1_3&#8243; _builder_version=\u00bb4.25.0&#8243; _module_preset=\u00bbdefault\u00bb global_colors_info=\u00bb{}\u00bb][et_pb_text _builder_version=\u00bb4.27.4&#8243; _module_preset=\u00bbdefault\u00bb global_colors_info=\u00bb{}\u00bb]<\/p>\n<h3 style=\"text-align: center;\">Documento Final de la XVI Asamblea<\/h3>\n<p>[\/et_pb_text][et_pb_image src=\u00bbhttps:\/\/sinodo.archimadrid.es\/wp-content\/uploads\/2024\/11\/Documento_Final_XVI_Asamblea.png\u00bb title_text=\u00bbDocumento_Final_XVI_Asamblea\u00bb url=\u00bbhttps:\/\/sinodo.archimadrid.es\/wp-content\/uploads\/2024\/11\/ESP-Documento-finale_traduzione-di-lavoro.pdf\u00bb url_new_window=\u00bbon\u00bb _builder_version=\u00bb4.27.4&#8243; _module_preset=\u00bbdefault\u00bb global_colors_info=\u00bb{}\u00bb][\/et_pb_image][\/et_pb_column][et_pb_column type=\u00bb1_3&#8243; _builder_version=\u00bb4.27.4&#8243; _module_preset=\u00bbdefault\u00bb global_colors_info=\u00bb{}\u00bb][et_pb_text _builder_version=\u00bb4.27.4&#8243; _dynamic_attributes=\u00bblink_option_url\u00bb _module_preset=\u00bbdefault\u00bb link_option_url=\u00bb@ET-DC@eyJkeW5hbWljIjp0cnVlLCJjb250ZW50IjoicG9zdF9saW5rX3VybF9wb3N0Iiwic2V0dGluZ3MiOnsicG9zdF9pZCI6IjExNTIifX0=@\u00bb global_colors_info=\u00bb{}\u00bb]<\/p>\n<h3 style=\"text-align: center;\">Itinerario de implementaci\u00f3n del S\u00ednodo para la Iglesia Universal<\/h3>\n<p>[\/et_pb_text][et_pb_image src=\u00bbhttps:\/\/sinodo.archimadrid.es\/wp-content\/uploads\/2025\/04\/Carta_implementacion-1.png\u00bb title_text=\u00bbCarta_implementacion\u00bb url=\u00bb@ET-DC@eyJkeW5hbWljIjp0cnVlLCJjb250ZW50IjoicG9zdF9saW5rX3VybF9wb3N0Iiwic2V0dGluZ3MiOnsicG9zdF9pZCI6IjExNTIifX0=@\u00bb url_new_window=\u00bbon\u00bb _builder_version=\u00bb4.27.4&#8243; _dynamic_attributes=\u00bburl\u00bb _module_preset=\u00bbdefault\u00bb global_colors_info=\u00bb{}\u00bb][\/et_pb_image][\/et_pb_column][et_pb_column type=\u00bb1_3&#8243; _builder_version=\u00bb4.27.4&#8243; _module_preset=\u00bbdefault\u00bb global_colors_info=\u00bb{}\u00bb][et_pb_text _builder_version=\u00bb4.27.4&#8243; _module_preset=\u00bbdefault\u00bb global_colors_info=\u00bb{}\u00bb locked=\u00bboff\u00bb]<\/p>\n<h3 style=\"text-align: center;\">Pistas para la fase de Implementaci\u00f3n del S\u00ednodo<\/h3>\n<p>&nbsp;<\/p>\n<p>[\/et_pb_text][et_pb_image src=\u00bbhttps:\/\/sinodo.archimadrid.es\/wp-content\/uploads\/2025\/07\/cq5dam.web_.1280.1280.png\u00bb title_text=\u00bbcq5dam.web.1280.1280&#8243; url=\u00bbhttps:\/\/sinodo.archimadrid.es\/wp-content\/uploads\/2025\/07\/250102-ESP-Pistas-para-la-fase-de-implementacion.pdf\u00bb url_new_window=\u00bbon\u00bb _builder_version=\u00bb4.27.4&#8243; _module_preset=\u00bbdefault\u00bb global_colors_info=\u00bb{}\u00bb locked=\u00bboff\u00bb][\/et_pb_image][\/et_pb_column][\/et_pb_row][\/et_pb_section]<\/p>\n","protected":false},"excerpt":{"rendered":"<p>DestacadoDocumento Final de la XVI AsambleaItinerario de implementaci\u00f3n del S\u00ednodo para la Iglesia UniversalPistas para la fase de Implementaci\u00f3n del S\u00ednodo &nbsp;<\/p>\n","protected":false},"author":2,"featured_media":0,"parent":0,"menu_order":0,"comment_status":"closed","ping_status":"closed","template":"","meta":{"_et_pb_use_builder":"on","_et_pb_old_content":"","_et_gb_content_width":"","footnotes":""},"class_list":["post-1170","page","type-page","status-publish","hentry"],"jetpack_sharing_enabled":true,"_links":{"self":[{"href":"https:\/\/sinodo.archimadrid.es\/index.php\/wp-json\/wp\/v2\/pages\/1170","targetHints":{"allow":["GET"]}}],"collection":[{"href":"https:\/\/sinodo.archimadrid.es\/index.php\/wp-json\/wp\/v2\/pages"}],"about":[{"href":"https:\/\/sinodo.archimadrid.es\/index.php\/wp-json\/wp\/v2\/types\/page"}],"author":[{"embeddable":true,"href":"https:\/\/sinodo.archimadrid.es\/index.php\/wp-json\/wp\/v2\/users\/2"}],"replies":[{"embeddable":true,"href":"https:\/\/sinodo.archimadrid.es\/index.php\/wp-json\/wp\/v2\/comments?post=1170"}],"version-history":[{"count":3,"href":"https:\/\/sinodo.archimadrid.es\/index.php\/wp-json\/wp\/v2\/pages\/1170\/revisions"}],"predecessor-version":[{"id":1252,"href":"https:\/\/sinodo.archimadrid.es\/index.php\/wp-json\/wp\/v2\/pages\/1170\/revisions\/1252"}],"wp:attachment":[{"href":"https:\/\/sinodo.archimadrid.es\/index.php\/wp-json\/wp\/v2\/media?parent=1170"}],"curies":[{"name":"wp","href":"https:\/\/api.w.org\/{rel}","templated":true}]}}