{"id":3,"date":"2021-10-20T09:25:44","date_gmt":"2021-10-20T07:25:44","guid":{"rendered":"https:\/\/sinodo.archimadrid.es\/?page_id=3"},"modified":"2021-10-27T10:34:26","modified_gmt":"2021-10-27T08:34:26","slug":"privacy-policy","status":"publish","type":"page","link":"https:\/\/sinodo.archimadrid.es\/index.php\/privacy-policy\/","title":{"rendered":"Pol\u00edtica de privacidad"},"content":{"rendered":"\r\n<h2 class=\"wp-block-heading\">Qui\u00e9nes somos<\/h2>\r\n<p>La direcci\u00f3n de nuestra web es: https:\/\/sinodo.archimadrid.es.<br \/><br \/><em>Arzobispado de Madrid<br \/>calle Bail\u00e9n n\u00ba8 <br \/>(Madrid 28013)<br \/><\/em>91 464 46 00<br \/><br \/><\/p>\r\n<h2>Privacidad<\/h2>\r\n<p><em>La informaci\u00f3n que se solicita ser\u00e1 tratada por la Comisi\u00f3n de la consulta del S\u00ednodo con su consentimiento. El responsable del tratamiento es el Arzobispado de Madrid, con domicilio en la calle Bail\u00e9n n\u00ba8 (Madrid 28013), y conservar\u00e1 los datos en tanto Vd. no indique lo contrario. Puede retirar su consentimiento, o ejercer sus derechos de acceso, rectificaci\u00f3n, supresi\u00f3n, limitaci\u00f3n dirigi\u00e9ndose a la direcci\u00f3n postal indicada o por correo electr\u00f3nico (<a href=\"mailto:consultasinodal@archidiocesis.madrid\">consultasinodal@archidiocesis.madrid<\/a>). Tiene Vd. derecho a plantear una reclamaci\u00f3n ante la Agencia Espa\u00f1ola de Protecci\u00f3n de Datos si considera que sus derechos de protecci\u00f3n de datos son vulnerados. Puede contactar con nuestro Delegado de Protecci\u00f3n de Datos tanto en la direcci\u00f3n postal indicada, como en la direcci\u00f3n de correo electr\u00f3nico (<\/em><a href=\"mailto:dpd@archimadrid.es\"><em>dpd@archimadrid.es<\/em><\/a><em>)<\/em><\/p>\r\n","protected":false},"excerpt":{"rendered":"<p>Qui\u00e9nes somos La direcci\u00f3n de nuestra web es: https:\/\/sinodo.archimadrid.es. Arzobispado de Madridcalle Bail\u00e9n n\u00ba8 (Madrid 28013)91 464 46 00 Privacidad La informaci\u00f3n que se solicita ser\u00e1 tratada por la Comisi\u00f3n de la consulta del S\u00ednodo con su consentimiento. El responsable del tratamiento es el Arzobispado de Madrid, con domicilio en la calle Bail\u00e9n n\u00ba8 (Madrid [&hellip;]<\/p>\n","protected":false},"author":1,"featured_media":0,"parent":0,"menu_order":0,"comment_status":"closed","ping_status":"closed","template":"","meta":{"_et_pb_use_builder":"","_et_pb_old_content":"","_et_gb_content_width":"","footnotes":""},"class_list":["post-3","page","type-page","status-publish","hentry"],"jetpack_sharing_enabled":true,"_links":{"self":[{"href":"https:\/\/sinodo.archimadrid.es\/index.php\/wp-json\/wp\/v2\/pages\/3","targetHints":{"allow":["GET"]}}],"collection":[{"href":"https:\/\/sinodo.archimadrid.es\/index.php\/wp-json\/wp\/v2\/pages"}],"about":[{"href":"https:\/\/sinodo.archimadrid.es\/index.php\/wp-json\/wp\/v2\/types\/page"}],"author":[{"embeddable":true,"href":"https:\/\/sinodo.archimadrid.es\/index.php\/wp-json\/wp\/v2\/users\/1"}],"replies":[{"embeddable":true,"href":"https:\/\/sinodo.archimadrid.es\/index.php\/wp-json\/wp\/v2\/comments?post=3"}],"version-history":[{"count":6,"href":"https:\/\/sinodo.archimadrid.es\/index.php\/wp-json\/wp\/v2\/pages\/3\/revisions"}],"predecessor-version":[{"id":350,"href":"https:\/\/sinodo.archimadrid.es\/index.php\/wp-json\/wp\/v2\/pages\/3\/revisions\/350"}],"wp:attachment":[{"href":"https:\/\/sinodo.archimadrid.es\/index.php\/wp-json\/wp\/v2\/media?parent=3"}],"curies":[{"name":"wp","href":"https:\/\/api.w.org\/{rel}","templated":true}]}}