{"id":942,"date":"2024-04-29T13:06:43","date_gmt":"2024-04-29T11:06:43","guid":{"rendered":"https:\/\/sinodo.archimadrid.es\/?page_id=942"},"modified":"2024-04-29T13:46:38","modified_gmt":"2024-04-29T11:46:38","slug":"respuesta-al-formulario-hacia-octubre-2024","status":"publish","type":"page","link":"https:\/\/sinodo.archimadrid.es\/index.php\/respuesta-al-formulario-hacia-octubre-2024\/","title":{"rendered":"Respuesta al formulario. Hacia octubre 2024"},"content":{"rendered":"<p>[et_pb_section fb_built=\u00bb1&#8243; fullwidth=\u00bbon\u00bb admin_label=\u00bbHeader Section\u00bb _builder_version=\u00bb4.16&#8243; background_color=\u00bb#dadde2&#8243; collapsed=\u00bboff\u00bb global_colors_info=\u00bb{}\u00bb][et_pb_fullwidth_header title=\u00bbRespuesta de la Archidi\u00f3cesis de Madrid al Formulario %22Hacia octubre 2024%22 a partir de las aportaciones de los grupos\u00bb text_orientation=\u00bbright\u00bb module_id=\u00bbestamos_en_camino\u00bb _builder_version=\u00bb4.25.0&#8243; title_font=\u00bbPoppins|500|||||||\u00bb title_text_align=\u00bbright\u00bb title_text_color=\u00bb#FFFFFF\u00bb title_font_size=\u00bb3vw\u00bb title_line_height=\u00bb1.2em\u00bb content_font=\u00bb||||||||\u00bb content_text_align=\u00bbleft\u00bb subhead_font=\u00bbOswald|||on|||||\u00bb subhead_text_color=\u00bbrgba(12,12,12,0.2)\u00bb subhead_font_size=\u00bb24px\u00bb subhead_letter_spacing=\u00bb15px\u00bb subhead_line_height=\u00bb1.4em\u00bb background_color=\u00bbrgba(255, 255, 255, 0)\u00bb background_image=\u00bbhttps:\/\/sinodo.archimadrid.es\/wp-content\/uploads\/2022\/11\/Vaticano_portada.jpg\u00bb background_position=\u00bbbottom_center\u00bb background_layout=\u00bblight\u00bb custom_padding=\u00bb1%||10.3%||false|false\u00bb animation_style=\u00bbzoom\u00bb animation_direction=\u00bbbottom\u00bb animation_intensity_zoom=\u00bb8%\u00bb title_text_shadow_style=\u00bbpreset1&#8243; title_text_shadow_blur_strength=\u00bb0.25em\u00bb title_text_shadow_color=\u00bbrgba(12,12,12,0.15)\u00bb global_colors_info=\u00bb{}\u00bb button_one_text_size__hover_enabled=\u00bboff\u00bb button_two_text_size__hover_enabled=\u00bboff\u00bb button_one_text_color__hover_enabled=\u00bboff\u00bb button_two_text_color__hover_enabled=\u00bboff\u00bb button_one_border_width__hover_enabled=\u00bboff\u00bb button_two_border_width__hover_enabled=\u00bboff\u00bb button_one_border_color__hover_enabled=\u00bboff\u00bb button_two_border_color__hover_enabled=\u00bboff\u00bb button_one_border_radius__hover_enabled=\u00bboff\u00bb button_two_border_radius__hover_enabled=\u00bboff\u00bb button_one_letter_spacing__hover_enabled=\u00bboff\u00bb button_two_letter_spacing__hover_enabled=\u00bboff\u00bb button_one_bg_color__hover_enabled=\u00bboff\u00bb button_two_bg_color__hover_enabled=\u00bboff\u00bb][\/et_pb_fullwidth_header][\/et_pb_section][et_pb_section fb_built=\u00bb1&#8243; admin_label=\u00bbIntroducci\u00f3n\u00bb _builder_version=\u00bb4.16&#8243; _module_preset=\u00bbdefault\u00bb custom_padding=\u00bb9px||60px|||\u00bb collapsed=\u00bboff\u00bb global_colors_info=\u00bb{}\u00bb][et_pb_row _builder_version=\u00bb4.16&#8243; _module_preset=\u00bbdefault\u00bb global_colors_info=\u00bb{}\u00bb][et_pb_column type=\u00bb4_4&#8243; _builder_version=\u00bb4.16&#8243; _module_preset=\u00bbdefault\u00bb global_colors_info=\u00bb{}\u00bb][et_pb_text _builder_version=\u00bb4.25.0&#8243; _module_preset=\u00bbdefault\u00bb text_font=\u00bbPoppins||||||||\u00bb text_line_height=\u00bb2em\u00bb locked=\u00bboff\u00bb global_colors_info=\u00bb{}\u00bb]<\/p>\n<h2>Formulario \u00abHacia octubre 2024\u00bb<\/h2>\n<p>&nbsp;<\/p>\n<h3><strong>\u00bfC\u00f3mo ser una Iglesia sinodal en misi\u00f3n?<\/strong><\/h3>\n<p>Esta pregunta es el horizonte hacia el que se proyecta nuestro discernimiento comunitario en esta etapa, con el deseo de <strong>mantener vivo el dinamismo sinodal<\/strong> que ha implicado a todo el Pueblo de Dios durante los dos \u00faltimos a\u00f1os. Por eso, es clave tomar conciencia de que no partimos de cero y no se trata de repetir las cuestiones tratadas con anterioridad, sino <strong>tomando como referencia esta pregunta orientadora y el Informe de S\u00edntesis a partir de las aportaciones de los grupos diocesanos hemos respondido a estas cuatro cuestiones, siguiendo la metodolog\u00eda de la conversaci\u00f3n en el Esp\u00edritu (<em>IL <\/em>32-42):<\/strong><\/p>\n<p>&nbsp;<\/p>\n<h4><strong>1. Tras la lectura del Informe de S\u00edntesis en clima de oraci\u00f3n, \u00bfqu\u00e9 podemos hacer a nivel parroquial, diocesano y nacional para seguir <u>aprendiendo <\/u>la sinodalidad?<\/strong><\/h4>\n<p>1.1. Elige 3 prioridades de entre los 20 temas del Informe (por ejemplo, 1 de cada parte de la s\u00edntesis), compartiendo el motivo de la elecci\u00f3n.<\/p>\n<p style=\"padding-left: 40px;\"><em>Las respuestas de los 57 cuestionarios recogidos en la di\u00f3cesis, con un total de 856 participantes se\u00f1alan que las tres prioridades siguientes alcanzan el mayor n\u00famero de consenso. \u00c9ste, de m\u00e1s a menos, es el siguiente: -9. Las mujeres en la vida y en la misi\u00f3n de la Iglesia -16. Por una Iglesia que escucha y acompa\u00f1a -4. Los pobres, protagonistas del camino de la Iglesia Las principales razones que aportan son la de urgencia ante situaciones insostenibles en le caso de las mujeres, de prioridad pastoral en el caso de la escucha, y de coherencia evang\u00e9lica en el caso de los pobres, que no pueden ser \u00fanicamente receptores de nuestra ayuda, sino referentes en el caminar de la Iglesia. <\/em><\/p>\n<p>1.2. <strong>Elige 3 iniciativas concretas para poner en pr\u00e1ctica <\/strong>a nivel local, indicando el modo para implementarlas en la propia realidad eclesial: parroquial, diocesana y nacional.<\/p>\n<p style=\"padding-left: 80px;\"><em>1. Las aportaciones de m\u00e1s dos tercios de los participantes consideran como principal iniciativa se\u00f1alar la importancia de los Consejos de pastoral a todos los niveles, y para ello proponen como iniciativa concreta su obligatoriedad, que debe ser implementada en el C\u00f3digo de Derecho Can\u00f3nico; su car\u00e1cter transversal (que est\u00e9n representados todo el pueblo de Dios, los diferentes estados que existen entre sus miembros, los diferentes carismas, las diferentes acciones pastorales, realidades eclesiales y sociales&#8230; sin olvidar a los excluidos. Es frecuente que se reivindique su car\u00e1cter decisorio y vinculante m\u00e1s all\u00e1 del consultivo. <\/em><\/p>\n<p style=\"padding-left: 80px;\"><em>2, La formaci\u00f3n de todo el pueblo de Dios, pero especialmente de aquellos que ejercen alg\u00fan ministerio o servicio en la Iglesia. Se pide que se revise la formaci\u00f3n de los futuros presb\u00edteros con el fin de que tenga un car\u00e1cter m\u00e1s pastorales y se erradiquen los g\u00e9rmenes de clericalismo. Una formaci\u00f3n a la que la mujer tenga acceso a todos los niveles.<\/em><\/p>\n<p style=\"padding-left: 80px;\"><em>3. Potenciar la escucha y acogida, cuidando formar personas adecuadas para esta tarea, tomando conciencia de aquellos sectores que m\u00e1s lo necesitan en el entorno y priorizando cauces de ello, y creando cauces para la petici\u00f3n de ayuda y escucha, como puede ser la creaci\u00f3n de buzones f\u00edsicos o digitales en las parroquias.<\/em><\/p>\n<p style=\"padding-left: 80px;\">[\/et_pb_text][et_pb_text _builder_version=\u00bb4.25.0&#8243; _module_preset=\u00bbdefault\u00bb text_font=\u00bbPoppins||||||||\u00bb text_line_height=\u00bb2em\u00bb locked=\u00bboff\u00bb global_colors_info=\u00bb{}\u00bb]<\/p>\n<h4><strong>2. Tomando como referencia la segunda parte de la S\u00edntesis (cap\u00edtulos 8-12): \u00bfC\u00f3mo se puede potenciar la <u>corresponsabilidad diferenciada en la misi\u00f3n <\/u>de todos los miembros del Pueblo de Dios (laicos, vida consagrada, ministerio ordenado) en tu realidad eclesial? Se\u00f1ala <u>tres cuestiones concretas<\/u>.<\/strong><\/h4>\n<p><em>Las aportaciones de las respuestas recibidas giran mayoritariamente en torno a estas tres grandes cuestiones: <\/em><\/p>\n<p style=\"padding-left: 80px;\"><em>1. Los ministerios. Se pide que las Iglesias locales determinen formas y ocasiones en las que dar visibilidad y reconocimiento a los carismas y ministerios que enriquecen a la comunidad. Dicho esto se se\u00f1ala la necesidad de abordar la forma de acceso y ejercicio de los ministerios ordenados con el fin de superar el clericalismo. En concreto se pide fomentar, actualizar y visibilizar los ministerios laicales; que se profundice sobre el papel de los presb\u00edteros y di\u00e1conos en una Iglesia sinodal; el acceso de la mujer a todos los ministerios y que se aborde en concreto el diaconado femenino.<\/em><\/p>\n<p style=\"padding-left: 80px;\">2. <em>La misi\u00f3n compartida. Se hace referencia a la necesidad insistir en la responsabilidad de todos los bautizados en la misi\u00f3n y acoger todos los dones que para ella nos han dado, as\u00ed como la necesidad de ilusionar en esta tarea. Se invita a centrar la acci\u00f3n pastoral en el anuncio del kerigma, no \u00fanicamente en una dispensaci\u00f3n de sacramentos, y a poner en primer plano el car\u00e1cter misionero de la eucarist\u00eda; y para el papel insustituible del testimonio evang\u00e9lico, la comuni\u00f3n y la coordinaci\u00f3n de todos.<\/em><\/p>\n<p style=\"padding-left: 80px;\">3. <em>Los consejos. Se plantea la necesidad de aceptar la presencia de los laicos (hombres y mujeres) en los lugares de toma de decisiones y que se activen estructuras y procesos de verificaci\u00f3n de las tareas del obispo, la administraci\u00f3n de los bienes, el funcionamiento de los organismos de participaci\u00f3n, la tutela respecto a los abusos, etc.<\/em><\/p>\n<p>&nbsp;<\/p>\n<p>[\/et_pb_text][et_pb_text _builder_version=\u00bb4.25.0&#8243; _module_preset=\u00bbdefault\u00bb text_font=\u00bbPoppins||||||||\u00bb text_line_height=\u00bb2em\u00bb locked=\u00bboff\u00bb global_colors_info=\u00bb{}\u00bb]<\/p>\n<h4>3. A la luz del cap\u00edtulo 16 del Informe: <strong>\u00bfQu\u00e9 modos de relaci\u00f3n, estructuras, procesos de discernimiento y decisi\u00f3n respecto a la misi\u00f3n permiten reconocerla, configurarla, promoverla? Hay que hacer propuestas muy concretas, que ayuden a dar pasos en la praxis de la sinodalidad.<\/strong><\/h4>\n<p style=\"padding-left: 40px;\"><em>&#8211; Implantar en todos los estamentos en los que haya que tomar decisiones la Conversaci\u00f3n Espiritual.<\/em><\/p>\n<p style=\"padding-left: 40px;\"><em>&#8211; Tener claro en el Plan Diocesano a quien debemos y queremos escuchar. -Desarrollar y ofrecer talleres de escucha.<\/em><\/p>\n<p style=\"padding-left: 40px;\"><em>&#8211; Crear espacios en los que aquellos que necesitan se escuchados puedan hablar para ello es necesario una comunidad de puertas abiertas que no juzgue ni margine.<\/em><\/p>\n<p style=\"padding-left: 40px;\"><em>&#8211; Evitar los personalismos, buscando crear comunidades fraternales, que sean verdaderos lugares de encuentro.<\/em><\/p>\n<p style=\"padding-left: 40px;\"><em>&#8211; Que la opci\u00f3n preferencial por los pobres se verifique y revise en toda la comunidad diocesana, sin conformarse con que sea un servicio de C\u00e1ritas.<\/em><\/p>\n<p style=\"padding-left: 40px;\"><em>&#8211; Que los seminaristas vivan insertos en comunidades parroquiales. Que la formaci\u00f3n de los sacerdotes insista en que ellos no dirigen sino que acompa\u00f1an al pueblo de Dios, del que forman parte.<\/em><\/p>\n<p style=\"padding-left: 40px;\"><em>&#8211; Acompa\u00f1amiento a los j\u00f3venes de la parroquia por parte de los catequistas.<\/em><\/p>\n<p style=\"padding-left: 40px;\"><em>&#8211; Ser creativos en la comunicaci\u00f3n. Tanto hacia fuera, para dar a conocer la vida de la parroquia, como hacia dentro para que todos los grupos conozcan la vida de los otros.<\/em><\/p>\n<p style=\"padding-left: 40px;\"><em>&#8211; Crear una plataforma digital donde los j\u00f3venes puedan realizar un primer acercamiento a la Iglesia.<\/em><\/p>\n<p style=\"padding-left: 40px;\"><em>&#8211; Utilizar la metodolog\u00eda cl\u00e1sica de VER &#8211; JUZGAR \u2013 ACTUAR para que la fe no vaya por un camino y la vida por otro.<\/em><\/p>\n<p style=\"padding-left: 80px;\">[\/et_pb_text][et_pb_text _builder_version=\u00bb4.25.0&#8243; _module_preset=\u00bbdefault\u00bb text_font=\u00bbPoppins||||||||\u00bb text_line_height=\u00bb2em\u00bb locked=\u00bboff\u00bb global_colors_info=\u00bb{}\u00bb]<\/p>\n<h4>4. Tomando como gu\u00eda el cap\u00edtulo 18 del Informe:<strong>\u00bfQu\u00e9 ministerios y \u00f3rganos de participaci\u00f3n <\/strong><strong><u>pueden renovarse o introducirse<\/u> <\/strong><strong>para expresar mejor la corresponsabilidad?<\/strong><\/h4>\n<p>4.1. <strong>Sobre la renovaci\u00f3n de los ya existentes<\/strong><\/p>\n<p style=\"padding-left: 80px;\"><em>Renovar el ministerio de la Palabra.<\/em><\/p>\n<p style=\"padding-left: 80px;\"><em>Crear donde no existan los Consejos de Pastoral y renovar su funcionamiento y competencias. <\/em><\/p>\n<p style=\"padding-left: 80px;\"><em>Establecer una ASAMBLEA ECLESIAL DIOCESANA (al estilo de la Asamblea Eclesial Latinoamericana y el Caribe) donde se vaya tomando el pulso al modus vivendi y operandi de la di\u00f3cesis en todos sus niveles.<\/em><\/p>\n<p style=\"padding-left: 80px;\"><em>En el contexto de una CULTURA DE RENDICI\u00d3N DE CUENTAS, REALIZAR UNA AUDITOR\u00cdA REGULAR de c\u00f3mo ejercen su ministerio los di\u00e1conos, presb\u00edteros y el mismo obispo. <\/em><\/p>\n<p style=\"padding-left: 80px;\"><em>CONSTITUIR UN OBSERVATORIO, para promover la vivencia de la Espiritualidad de la comuni\u00f3n, delatar los cortocircuitos de unidad existentes y velar por el fin del clericalismo.<\/em><\/p>\n<p>4.2. <strong>Sobre los que habr\u00eda que introducir o crear<\/strong><\/p>\n<p><em>Sugerimos la creaci\u00f3n de los siguientes MINISTERIOS:<\/em><\/p>\n<p style=\"padding-left: 80px;\"><em>\u00a0&#8211; EL MINISTERIO PARA LA ESCUCHA, EL DISCERNIMIENTO ECLESIAL y el ACOMPA\u00d1AMIENTO. <\/em><\/p>\n<p style=\"padding-left: 80px;\"><em>&#8211; EL MINISTERIO PROF\u00c9TICO de la COMUNI\u00d3N, a trav\u00e9s de la comisi\u00f3n diocesana por la comuni\u00f3n eclesial; ministros servidores de la comuni\u00f3n que promuevan la sinodalidad y denuncien (correcci\u00f3n fraterna) los abusos o dejaciones que puedan darse en el desarrollo de la misi\u00f3n. <\/em><\/p>\n<p style=\"padding-left: 80px;\"><em>&#8211; EL MINISTERIO DEL ARTE Y LA M\u00daSICA (cultura) a trav\u00e9s de la creaci\u00f3n de una comisi\u00f3n diocesana por el ARTE en sus diferentes expresiones. <\/em><\/p>\n<p style=\"padding-left: 80px;\"><em>&#8211; EL MINISTERIO DEL CUIDADO DE LA CASA COM\u00daN (LS), desde la actual comisi\u00f3n diocesana de ecolog\u00eda integral.<\/em><\/p>\n<p style=\"padding-left: 80px;\"><em>&#8211; EL MINISTERIO DE LA NO VIOLENCIA Y LA PAZ, a trav\u00e9s de la creaci\u00f3n de una comisi\u00f3n diocesana por la paz y la no violencia en estrecha uni\u00f3n con la comisi\u00f3n de Justicia y paz. <\/em><\/p>\n<p style=\"padding-left: 80px;\"><em>En el contexto de una CULTURA DE RENDICI\u00d3N DE CUENTAS, REALIZAR UNA AUDITOR\u00cdA REGULAR de c\u00f3mo ejercen su ministerio los di\u00e1conos, presb\u00edteros y el mismo obispo. <\/em><\/p>\n<p style=\"padding-left: 80px;\"><em>CONSTITUIR UN OBSERVATORIO, para promover la vivencia de la Espiritualidad de la comuni\u00f3n, delatar los cortocircuitos de unidad existentes y velar por el fin del clericalismo.<\/em><\/p>\n<p>[\/et_pb_text][\/et_pb_column][\/et_pb_row][et_pb_row column_structure=\u00bb1_4,1_2,1_4&#8243; _builder_version=\u00bb4.25.0&#8243; _module_preset=\u00bbdefault\u00bb global_colors_info=\u00bb{}\u00bb][et_pb_column type=\u00bb1_4&#8243; _builder_version=\u00bb4.25.0&#8243; _module_preset=\u00bbdefault\u00bb global_colors_info=\u00bb{}\u00bb][\/et_pb_column][et_pb_column type=\u00bb1_2&#8243; _builder_version=\u00bb4.25.0&#8243; _module_preset=\u00bbdefault\u00bb global_colors_info=\u00bb{}\u00bb][et_pb_button button_url=\u00bbhttps:\/\/sinodo.archimadrid.es\/wp-content\/uploads\/2024\/04\/Informe_diocesis_hacia_2024.pdf\u00bb button_text=\u00bbDescargar en PDF\u00bb _builder_version=\u00bb4.25.0&#8243; _module_preset=\u00bbdefault\u00bb hover_enabled=\u00bb0&#8243; global_colors_info=\u00bb{}\u00bb url_new_window=\u00bbon\u00bb sticky_enabled=\u00bb0&#8243;][\/et_pb_button][\/et_pb_column][et_pb_column type=\u00bb1_4&#8243; _builder_version=\u00bb4.25.0&#8243; _module_preset=\u00bbdefault\u00bb global_colors_info=\u00bb{}\u00bb][\/et_pb_column][\/et_pb_row][\/et_pb_section]<\/p>\n","protected":false},"excerpt":{"rendered":"<p>Formulario \u00abHacia octubre 2024\u00bb &nbsp; \u00bfC\u00f3mo ser una Iglesia sinodal en misi\u00f3n? Esta pregunta es el horizonte hacia el que se proyecta nuestro discernimiento comunitario en esta etapa, con el deseo de mantener vivo el dinamismo sinodal que ha implicado a todo el Pueblo de Dios durante los dos \u00faltimos a\u00f1os. Por eso, es clave [&hellip;]<\/p>\n","protected":false},"author":2,"featured_media":0,"parent":0,"menu_order":0,"comment_status":"closed","ping_status":"closed","template":"","meta":{"_et_pb_use_builder":"on","_et_pb_old_content":"","_et_gb_content_width":"","footnotes":""},"class_list":["post-942","page","type-page","status-publish","hentry"],"jetpack_sharing_enabled":true,"_links":{"self":[{"href":"https:\/\/sinodo.archimadrid.es\/index.php\/wp-json\/wp\/v2\/pages\/942","targetHints":{"allow":["GET"]}}],"collection":[{"href":"https:\/\/sinodo.archimadrid.es\/index.php\/wp-json\/wp\/v2\/pages"}],"about":[{"href":"https:\/\/sinodo.archimadrid.es\/index.php\/wp-json\/wp\/v2\/types\/page"}],"author":[{"embeddable":true,"href":"https:\/\/sinodo.archimadrid.es\/index.php\/wp-json\/wp\/v2\/users\/2"}],"replies":[{"embeddable":true,"href":"https:\/\/sinodo.archimadrid.es\/index.php\/wp-json\/wp\/v2\/comments?post=942"}],"version-history":[{"count":20,"href":"https:\/\/sinodo.archimadrid.es\/index.php\/wp-json\/wp\/v2\/pages\/942\/revisions"}],"predecessor-version":[{"id":979,"href":"https:\/\/sinodo.archimadrid.es\/index.php\/wp-json\/wp\/v2\/pages\/942\/revisions\/979"}],"wp:attachment":[{"href":"https:\/\/sinodo.archimadrid.es\/index.php\/wp-json\/wp\/v2\/media?parent=942"}],"curies":[{"name":"wp","href":"https:\/\/api.w.org\/{rel}","templated":true}]}}